{"id":145,"date":"2025-09-30T11:51:34","date_gmt":"2025-09-30T11:51:34","guid":{"rendered":"https:\/\/www.psikososyalakademi.com\/blog\/"},"modified":"2025-09-30T12:31:56","modified_gmt":"2025-09-30T12:31:56","slug":"blog","status":"publish","type":"page","link":"https:\/\/www.psikososyalakademi.com\/en\/blog\/","title":{"rendered":"Blog"},"content":{"rendered":"<section class=\"l-section wpb_row height_medium\"><div class=\"l-section-h i-cf\"><div class=\"g-cols vc_row via_grid cols_custom laptops-cols_inherit tablets-cols_inherit mobiles-cols_1 valign_top type_default stacking_default\" style=\"--custom-columns:0.5fr 5fr 0.5fr \"><div class=\"wpb_column vc_column_container\"><div class=\"vc_column-inner\"><\/div><\/div><div class=\"wpb_column vc_column_container\"><div class=\"vc_column-inner\"><div class=\"w-separator size_medium\"><\/div><div class=\"w-grid us_post_list type_grid layout_113 cols_1 pagination_load_on_scroll preload_style_spinner\" id=\"us_post_list_k7ec\" style=\"--columns:1;--gap:3rem;\" data-filterable=\"true\"><style>.layout_113 .w-grid-item-h{}@media(min-width:481px){.layout_113 .usg_post_image_1{display:none!important}}@media(max-width:479px){.layout_113 .usg_post_image_2{display:none!important}}.layout_113 .usg_hwrapper_1{color:var(--color-content-text)!important;margin-left:10%!important;padding-top:6%!important;padding-bottom:6%!important;background:var(--color-content-bg-alt)!important}.layout_113 .usg_post_image_1{border-radius:14px!important}.layout_113 .usg_vwrapper_1{width:48%!important;margin-left:7%!important}.layout_113 .usg_post_date_1{font-size:0.9rem!important}.layout_113 .usg_post_title_1{line-height:1.2!important;letter-spacing:-0.02rem!important;font-weight:700!important}.layout_113 .usg_btn_1{text-align:left!important;margin-left:-30px!important}.layout_113 .usg_post_image_2{width:50%!important;margin-left:-11%!important;margin-right:0!important;border-radius:20px!important}@media (min-width:1025px) and (max-width:1380px){.layout_113 .usg_post_title_1{line-height:1.2!important;letter-spacing:-0.02rem!important;font-weight:700!important}.layout_113 .usg_btn_1{margin-left:-30px!important}}@media (min-width:601px) and (max-width:1024px){.layout_113 .usg_post_title_1{line-height:1.2!important;letter-spacing:-0.02rem!important;font-weight:700!important}.layout_113 .usg_btn_1{margin-left:-30px!important}}@media (max-width:600px){.layout_113 .usg_hwrapper_1{margin-left:0!important;margin-right:0!important;padding-top:0!important;padding-bottom:0!important;border-radius:24px!important}.layout_113 .usg_vwrapper_1{width:86%!important;margin:5% 7% 7% 7%!important}.layout_113 .usg_post_title_1{font-size:2rem!important;line-height:1.2!important;letter-spacing:-0.02rem!important;font-weight:700!important}.layout_113 .usg_btn_1{margin-left:-28px!important}.layout_113 .usg_post_image_2{width:100%!important;margin-left:0!important;margin-right:0!important}}<\/style><div class=\"w-grid-list\">\t<article class=\"w-grid-item size_1x1 post-183 post type-post status-publish format-standard has-post-thumbnail hentry category-uncategorized tag-group-therapy tag-mental-health\" data-id=\"183\">\r\n\t\t<div class=\"w-grid-item-h\">\r\n\t\t\t\t\t\t<div class=\"w-hwrapper usg_hwrapper_1 has_text_color valign_center wrap\"><div class=\"w-post-elm post_image usg_post_image_2 has_width stretched\"><a href=\"https:\/\/www.psikososyalakademi.com\/en\/group-work-in-mental-health\/\" aria-label=\"Group Work in Mental Health\"><img loading=\"lazy\" decoding=\"async\" width=\"300\" height=\"200\" src=\"https:\/\/www.psikososyalakademi.com\/wp-content\/uploads\/2025\/10\/grupterapi1-300x200.jpg\" class=\"attachment-medium size-medium wp-post-image\" alt=\"ruh sa\u011fl\u0131\u011f\u0131\" srcset=\"https:\/\/www.psikososyalakademi.com\/wp-content\/uploads\/2025\/10\/grupterapi1-300x200.jpg 300w, https:\/\/www.psikososyalakademi.com\/wp-content\/uploads\/2025\/10\/grupterapi1-scaled-600x400.jpg 600w, https:\/\/www.psikososyalakademi.com\/wp-content\/uploads\/2025\/10\/grupterapi1-1024x683.jpg 1024w\" sizes=\"auto, (max-width: 300px) 100vw, 300px\" \/><\/a><\/div><div class=\"w-vwrapper usg_vwrapper_1\"><div class=\"w-post-elm post_image usg_post_image_1 stretched\"><a href=\"https:\/\/www.psikososyalakademi.com\/en\/group-work-in-mental-health\/\" aria-label=\"Group Work in Mental Health\"><img loading=\"lazy\" decoding=\"async\" width=\"300\" height=\"200\" src=\"https:\/\/www.psikososyalakademi.com\/wp-content\/uploads\/2025\/10\/grupterapi1-300x200.jpg\" class=\"attachment-medium size-medium wp-post-image\" alt=\"ruh sa\u011fl\u0131\u011f\u0131\" srcset=\"https:\/\/www.psikososyalakademi.com\/wp-content\/uploads\/2025\/10\/grupterapi1-300x200.jpg 300w, https:\/\/www.psikososyalakademi.com\/wp-content\/uploads\/2025\/10\/grupterapi1-scaled-600x400.jpg 600w, https:\/\/www.psikososyalakademi.com\/wp-content\/uploads\/2025\/10\/grupterapi1-1024x683.jpg 1024w\" sizes=\"auto, (max-width: 300px) 100vw, 300px\" \/><\/a><\/div><time class=\"w-post-elm post_date usg_post_date_1 entry-date published\" datetime=\"2025-10-07T14:41:12+00:00\" title=\"7 October 2025 at 14:41:12 +00:00\">6 months ago<\/time><h2 class=\"w-post-elm post_title usg_post_title_1 entry-title color_link_inherit\"><a href=\"https:\/\/www.psikososyalakademi.com\/en\/group-work-in-mental-health\/\">Group Work in Mental Health<\/a><\/h2><a class=\"w-btn us-btn-style_1 usg_btn_1 icon_atright\" href=\"https:\/\/www.psikososyalakademi.com\/en\/group-work-in-mental-health\/\"><span class=\"w-btn-label\">\u0130\u00e7eri\u011fi g\u00f6r\u00fcnt\u00fcleyin<\/span><i class=\"far fa-angle-right\"><\/i><\/a><\/div><\/div>\t\t<\/div>\r\n\t\t\t<\/article>\r\n<\/div><div class=\"g-loadmore hidden\"><div class=\"g-preloader type_1\"><div><\/div><\/div><\/div><div class=\"w-grid-list-json hidden\" onclick='return {&quot;max_num_pages&quot;:1,&quot;pagination&quot;:&quot;load_on_scroll&quot;,&quot;paged&quot;:1,&quot;ajaxData&quot;:{&quot;action&quot;:&quot;us_ajax_post_list&quot;,&quot;meta_type&quot;:&quot;post&quot;,&quot;object_id&quot;:0,&quot;template_vars&quot;:{&quot;paged&quot;:1,&quot;max_num_pages&quot;:1,&quot;no_results&quot;:false,&quot;source&quot;:&quot;all&quot;,&quot;custom_field_name&quot;:&quot;&quot;,&quot;ids&quot;:&quot;&quot;,&quot;post_type&quot;:&quot;post&quot;,&quot;attachment_ids&quot;:null,&quot;include_post_thumbnail&quot;:0,&quot;post_author&quot;:&quot;any&quot;,&quot;post_author_ids&quot;:&quot;&quot;,&quot;apply_url_params&quot;:0,&quot;exclude_children&quot;:0,&quot;exclude_current_post&quot;:1,&quot;exclude_prev_posts&quot;:0,&quot;enable_items_offset&quot;:0,&quot;items_offset&quot;:&quot;1&quot;,&quot;tax_query_relation&quot;:&quot;none&quot;,&quot;tax_query&quot;:[{&quot;operator&quot;:&quot;IN&quot;,&quot;taxonomy&quot;:&quot;category&quot;,&quot;terms&quot;:&quot;&quot;,&quot;include_children&quot;:0}],&quot;meta_query_relation&quot;:&quot;none&quot;,&quot;meta_query&quot;:[{&quot;key&quot;:&quot;custom_field_name&quot;,&quot;compare&quot;:&quot;=&quot;,&quot;value&quot;:&quot;&quot;}],&quot;orderby&quot;:&quot;date&quot;,&quot;orderby_custom_field&quot;:&quot;&quot;,&quot;orderby_custom_type&quot;:0,&quot;order_invert&quot;:&quot;1&quot;,&quot;show_all&quot;:0,&quot;quantity&quot;:&quot;5&quot;,&quot;posts_per_archive_page&quot;:0,&quot;no_items_action&quot;:&quot;message&quot;,&quot;no_items_message&quot;:&quot;No results found.&quot;,&quot;no_items_page_block&quot;:&quot;&quot;,&quot;pagination&quot;:&quot;load_on_scroll&quot;,&quot;pagination_style&quot;:&quot;&quot;,&quot;pagination_btn_text&quot;:&quot;Load More&quot;,&quot;pagination_btn_size&quot;:&quot;&quot;,&quot;pagination_btn_style&quot;:&quot;1&quot;,&quot;pagination_btn_fullwidth&quot;:0,&quot;items_layout&quot;:&quot;113&quot;,&quot;type&quot;:&quot;grid&quot;,&quot;items_valign&quot;:0,&quot;ignore_items_size&quot;:0,&quot;columns&quot;:&quot;1&quot;,&quot;items_gap&quot;:&quot;3rem&quot;,&quot;load_animation&quot;:&quot;none&quot;,&quot;items_preload_style&quot;:&quot;spinner&quot;,&quot;img_size&quot;:&quot;medium&quot;,&quot;title_size&quot;:&quot;&quot;,&quot;items_ratio&quot;:&quot;default&quot;,&quot;items_ratio_width&quot;:&quot;21&quot;,&quot;items_ratio_height&quot;:&quot;9&quot;,&quot;overriding_link&quot;:&quot;%7B%22url%22%3A%22%22%7D&quot;,&quot;popup_width&quot;:&quot;&quot;,&quot;popup_arrows&quot;:1,&quot;breakpoint_1_width&quot;:&quot;1381px&quot;,&quot;breakpoint_1_cols&quot;:&quot;default&quot;,&quot;breakpoint_1_quantity&quot;:&quot;&quot;,&quot;breakpoint_1_gap&quot;:&quot;&quot;,&quot;breakpoint_2_width&quot;:&quot;1025px&quot;,&quot;breakpoint_2_cols&quot;:&quot;1&quot;,&quot;breakpoint_2_quantity&quot;:&quot;&quot;,&quot;breakpoint_2_gap&quot;:&quot;&quot;,&quot;breakpoint_3_width&quot;:&quot;601px&quot;,&quot;breakpoint_3_cols&quot;:&quot;1&quot;,&quot;breakpoint_3_quantity&quot;:&quot;&quot;,&quot;breakpoint_3_gap&quot;:&quot;&quot;,&quot;conditions_operator&quot;:&quot;always&quot;,&quot;conditions&quot;:[],&quot;css&quot;:null,&quot;el_class&quot;:&quot;&quot;,&quot;el_id&quot;:&quot;&quot;,&quot;enable_custom_html_atts&quot;:0,&quot;custom_html_atts&quot;:null,&quot;hide_on_states&quot;:&quot;&quot;,&quot;hide_for_sticky&quot;:0,&quot;hide_for_not_sticky&quot;:0,&quot;hide_below&quot;:&quot;0px&quot;,&quot;hide_above&quot;:&quot;0px&quot;,&quot;classes&quot;:&quot;&quot;}},&quot;facetedFilter&quot;:[]}'><\/div><\/div><\/div><\/div><div class=\"wpb_column vc_column_container\"><div class=\"vc_column-inner\"><\/div><\/div><\/div><\/div><\/section>\n","protected":false},"excerpt":{"rendered":"Group Work in Mental Health Humans are social beings. Like neurons in the brain, people need to work together and exist collectively. They live their lives by being part of different groups. In the field of mental health, the need to live in groups, the reassuring and healing environments that groups provide, and the positive...","protected":false},"author":1,"featured_media":0,"parent":0,"menu_order":0,"comment_status":"closed","ping_status":"closed","template":"","meta":{"_acf_changed":false,"footnotes":""},"class_list":["post-145","page","type-page","status-publish","hentry"],"acf":[],"_links":{"self":[{"href":"https:\/\/www.psikososyalakademi.com\/en\/wp-json\/wp\/v2\/pages\/145","targetHints":{"allow":["GET"]}}],"collection":[{"href":"https:\/\/www.psikososyalakademi.com\/en\/wp-json\/wp\/v2\/pages"}],"about":[{"href":"https:\/\/www.psikososyalakademi.com\/en\/wp-json\/wp\/v2\/types\/page"}],"author":[{"embeddable":true,"href":"https:\/\/www.psikososyalakademi.com\/en\/wp-json\/wp\/v2\/users\/1"}],"replies":[{"embeddable":true,"href":"https:\/\/www.psikososyalakademi.com\/en\/wp-json\/wp\/v2\/comments?post=145"}],"version-history":[{"count":1,"href":"https:\/\/www.psikososyalakademi.com\/en\/wp-json\/wp\/v2\/pages\/145\/revisions"}],"predecessor-version":[{"id":146,"href":"https:\/\/www.psikososyalakademi.com\/en\/wp-json\/wp\/v2\/pages\/145\/revisions\/146"}],"wp:attachment":[{"href":"https:\/\/www.psikososyalakademi.com\/en\/wp-json\/wp\/v2\/media?parent=145"}],"curies":[{"name":"wp","href":"https:\/\/api.w.org\/{rel}","templated":true}]}}