{"id":139,"date":"2025-07-09T13:13:28","date_gmt":"2025-07-09T13:13:28","guid":{"rendered":"https:\/\/www.psikososyalakademi.com\/trainings-for-the-public\/"},"modified":"2025-09-30T12:27:17","modified_gmt":"2025-09-30T12:27:17","slug":"trainings-for-the-public","status":"publish","type":"page","link":"https:\/\/www.psikososyalakademi.com\/en\/trainings-for-the-public\/","title":{"rendered":"Trainings for the Public"},"content":{"rendered":"<section class=\"l-section wpb_row us_custom_585c28ed height_medium\"><div class=\"l-section-h i-cf\"><div class=\"g-cols vc_row via_grid cols_1 laptops-cols_inherit tablets-cols_inherit mobiles-cols_1 valign_top type_default stacking_default\"><div class=\"wpb_column vc_column_container\"><div class=\"vc_column-inner\"><h2 class=\"w-text us_custom_0c4dbdce has_text_color\"><span class=\"w-text-h\"><span class=\"w-text-value\">Trainings for the Public<\/span><\/span><\/h2><\/div><\/div><\/div><\/div><\/section><section class=\"l-section wpb_row height_medium\"><div class=\"l-section-h i-cf\"><div class=\"g-cols vc_row via_grid cols_1 laptops-cols_inherit tablets-cols_inherit mobiles-cols_1 valign_top type_default stacking_default\"><div class=\"wpb_column vc_column_container\"><div class=\"vc_column-inner\"><div class=\"g-cols wpb_row via_grid cols_2 laptops-cols_inherit tablets-cols_inherit mobiles-cols_1 valign_middle type_default stacking_default\" style=\"--columns-gap:3rem;\"><div class=\"wpb_column vc_column_container\"><div class=\"vc_column-inner\"><div class=\"w-image us_custom_751f9e66 align_none\"><div class=\"w-image-h\"><img decoding=\"async\" width=\"1024\" height=\"576\" src=\"https:\/\/www.psikososyalakademi.com\/wp-content\/uploads\/2025\/06\/home_header_left-1024x576.jpg\" class=\"attachment-large size-large\" alt=\"Anasayfa \u00dcst K\u0131s\u0131m\" loading=\"lazy\" srcset=\"https:\/\/www.psikososyalakademi.com\/wp-content\/uploads\/2025\/06\/home_header_left-1024x576.jpg 1024w, https:\/\/www.psikososyalakademi.com\/wp-content\/uploads\/2025\/06\/home_header_left-300x169.jpg 300w, https:\/\/www.psikososyalakademi.com\/wp-content\/uploads\/2025\/06\/home_header_left-600x338.jpg 600w, https:\/\/www.psikososyalakademi.com\/wp-content\/uploads\/2025\/06\/home_header_left.jpg 1920w\" sizes=\"auto, (max-width: 1024px) 100vw, 1024px\" \/><\/div><\/div><\/div><\/div><div class=\"wpb_column vc_column_container\"><div class=\"vc_column-inner\"><div class=\"wpb_text_column\"><div class=\"wpb_wrapper\"><p>Psychosocial Academy aims to reach not only professionals but all segments of society. Through its training programs, it enhances the psychological awareness and well-being of society.<span class=\"Apple-converted-space\"> <\/span><\/p>\n<\/div><\/div><\/div><\/div><\/div><\/div><\/div><\/div><\/div><\/section><section class=\"l-section wpb_row us_custom_cf3d7369 height_medium\"><div class=\"l-section-h i-cf\"><div class=\"g-cols vc_row via_grid cols_1 laptops-cols_inherit tablets-cols_inherit mobiles-cols_1 valign_top type_default stacking_default\"><div class=\"wpb_column vc_column_container\"><div class=\"vc_column-inner\"><div class=\"g-cols wpb_row via_grid cols_1 laptops-cols_inherit tablets-cols_inherit mobiles-cols_1 valign_top type_default stacking_default\" style=\"--columns-gap:3rem;\"><div class=\"wpb_column vc_column_container us_custom_fb0dd6bb\"><div class=\"vc_column-inner\"><div class=\"wpb_text_column\"><div class=\"wpb_wrapper\"><p>With these specially prepared training programs for families, parents, teachers, and young people;<\/p>\n<ul>\n<li><span><\/span><span><br \/>\n  <b>To increase mental health literacy<\/b><br \/>\n<\/span>, support individuals in recognizing and expressing their emotions, thoughts, and behaviors in a healthy way<\/li>\n<li><span><\/span><b>To correct common misconceptions about mental health in society<\/b><span> and encourage seeking psychological support<\/span><\/li>\n<li><span><\/span><b>To enhance parents&#8217; knowledge and skills regarding child and adolescent development<\/b><span>, thus strengthening healthy family communication and emotional bonding<\/span><\/li>\n<li><span><\/span><b>In collaboration with educational institutions, municipalities, and NGOs<\/b>, the aim is to provide accessible, simple, and effective content for different segments of society.<\/li>\n<\/ul>\n<p>Training programs are presented in an understandable language, enriched with experiential examples, and include practical solutions that participants can apply in their daily lives.<\/p>\n<p>Furthermore, these programs are not limited to just knowledge transfer; they provide a safe sharing environment that allows participants to learn from each other.<\/p>\n<ul>\n<li>Family Communication Skills and Conflict Resolution<\/li>\n<li>Positive Parenting: Guidance Instead of Punishment<\/li>\n<li>Parental Attitudes and Their Impact on Child Mental Health<\/li>\n<li>Parenting in the Digital Age: Screen Use, Boundaries, and Monitoring<\/li>\n<li>Coping with Stress and Mental Resilience<\/li>\n<li>Self-Help Strategies for Anxiety and Panic Moments<\/li>\n<li>Emotional Awareness and Developing Self-Compassion<\/li>\n<li>Dealing with Difficult Life Events and Coping with the Grieving Process<\/li>\n<li>Psychological First Aid in Daily Life<\/li>\n<li>Ways to Develop Children&#8217;s Emotional Resilience<\/li>\n<li>Coping with Test Anxiety and the Parent&#8217;s Role<\/li>\n<li>Adolescence: Changing Roles, Expectations, and Understanding<\/li>\n<li>Understanding My Child&#8217;s Behaviors: Normal or Problematic?<\/li>\n<li>Dealing with Bullying and Ways to Support as a Parent<\/li>\n<li>Setting Boundaries for Children and Healthy Discipline Practices<\/li>\n<li>Mental health in children<\/li>\n<li>Approaching anxiety and fears in children<\/li>\n<li>Healthy communication with adolescents<\/li>\n<li>Prevention of addictions<\/li>\n<li>Is my child addicted?<\/li>\n<\/ul>\n<\/div><\/div><\/div><\/div><\/div><\/div><\/div><\/div><\/div><\/section>\n","protected":false},"excerpt":{"rendered":"Trainings for the PublicPsychosocial Academy aims to reach not only professionals but all segments of society. Through its training programs, it enhances the psychological awareness and well-being of society. With these specially prepared training programs for families, parents, teachers, and young people; To increase mental health literacy , support individuals in recognizing and expressing their...","protected":false},"author":1,"featured_media":0,"parent":0,"menu_order":0,"comment_status":"closed","ping_status":"closed","template":"","meta":{"_acf_changed":false,"footnotes":""},"class_list":["post-139","page","type-page","status-publish","hentry"],"acf":[],"_links":{"self":[{"href":"https:\/\/www.psikososyalakademi.com\/en\/wp-json\/wp\/v2\/pages\/139","targetHints":{"allow":["GET"]}}],"collection":[{"href":"https:\/\/www.psikososyalakademi.com\/en\/wp-json\/wp\/v2\/pages"}],"about":[{"href":"https:\/\/www.psikososyalakademi.com\/en\/wp-json\/wp\/v2\/types\/page"}],"author":[{"embeddable":true,"href":"https:\/\/www.psikososyalakademi.com\/en\/wp-json\/wp\/v2\/users\/1"}],"replies":[{"embeddable":true,"href":"https:\/\/www.psikososyalakademi.com\/en\/wp-json\/wp\/v2\/comments?post=139"}],"version-history":[{"count":2,"href":"https:\/\/www.psikososyalakademi.com\/en\/wp-json\/wp\/v2\/pages\/139\/revisions"}],"predecessor-version":[{"id":141,"href":"https:\/\/www.psikososyalakademi.com\/en\/wp-json\/wp\/v2\/pages\/139\/revisions\/141"}],"wp:attachment":[{"href":"https:\/\/www.psikososyalakademi.com\/en\/wp-json\/wp\/v2\/media?parent=139"}],"curies":[{"name":"wp","href":"https:\/\/api.w.org\/{rel}","templated":true}]}}