{"id":118,"date":"2025-05-20T16:04:00","date_gmt":"2025-05-20T16:04:00","guid":{"rendered":"https:\/\/www.psikososyalakademi.com\/homepage\/"},"modified":"2025-09-30T12:21:27","modified_gmt":"2025-09-30T12:21:27","slug":"homepage","status":"publish","type":"page","link":"https:\/\/www.psikososyalakademi.com\/en\/","title":{"rendered":"Homepage"},"content":{"rendered":"<section class=\"l-section wpb_row us_custom_11374b0e height_medium with_shape\"><div class=\"l-section-shape type_tilt pos_bottom\" style=\"height:15vmin;color:var(--color-header-top-transparent-text-hover)\"><svg xmlns=\"http:\/\/www.w3.org\/2000\/svg\" viewBox=\"0 0 64 8\" preserveAspectRatio=\"none\" width=\"100%\" height=\"100%\">\r\n\t<path fill=\"currentColor\" d=\"M64 7.9 L64 10 L0 10 L0 0 Z\"\/>\r\n<\/svg><\/div><div class=\"l-section-h i-cf\"><div class=\"g-cols vc_row via_grid cols_1 laptops-cols_inherit tablets-cols_inherit mobiles-cols_1 valign_top type_default stacking_default\"><div class=\"wpb_column vc_column_container\"><div class=\"vc_column-inner\"><div class=\"g-cols wpb_row via_grid cols_2 laptops-cols_inherit tablets-cols_inherit mobiles-cols_1 valign_middle type_default stacking_default\" style=\"--columns-gap:3rem;\"><div class=\"wpb_column vc_column_container\"><div class=\"vc_column-inner\"><div class=\"w-image us_custom_05823786 us_animate_this align_none\"><div class=\"w-image-h\"><img decoding=\"async\" width=\"1920\" height=\"1080\" src=\"https:\/\/www.psikososyalakademi.com\/wp-content\/uploads\/2025\/06\/home_header_left.jpg\" class=\"attachment-full size-full\" alt=\"Anasayfa \u00dcst K\u0131s\u0131m\" loading=\"lazy\" srcset=\"https:\/\/www.psikososyalakademi.com\/wp-content\/uploads\/2025\/06\/home_header_left.jpg 1920w, https:\/\/www.psikososyalakademi.com\/wp-content\/uploads\/2025\/06\/home_header_left-300x169.jpg 300w, https:\/\/www.psikososyalakademi.com\/wp-content\/uploads\/2025\/06\/home_header_left-600x338.jpg 600w, https:\/\/www.psikososyalakademi.com\/wp-content\/uploads\/2025\/06\/home_header_left-1024x576.jpg 1024w\" sizes=\"auto, (max-width: 1920px) 100vw, 1920px\" \/><\/div><\/div><\/div><\/div><div class=\"wpb_column vc_column_container\"><div class=\"vc_column-inner\"><h1 class=\"w-text us_custom_390b80ec has_text_color us_animate_this\"><span class=\"w-text-h\"><span class=\"w-text-value\">Mental Health-Based Education and Consulting Services for Individuals, Institutions, and Society<\/span><\/span><\/h1><div class=\"w-text us_custom_60e9caca us_animate_this\"><span class=\"w-text-h\"><span class=\"w-text-value\">Psikososyal Akademi is an education and consulting platform that aims to improve the capacity of individuals and institutions, as well as professionals working in the field of mental health, by offering dynamic and applicable content based on scientific foundations and following current approaches.<\/span><\/span><\/div><\/div><\/div><\/div><\/div><\/div><\/div><\/div><\/section><section class=\"l-section wpb_row us_custom_24941e40 height_medium\"><div class=\"l-section-h i-cf\"><div class=\"g-cols vc_row via_grid cols_1 laptops-cols_inherit tablets-cols_inherit mobiles-cols_1 valign_top type_default stacking_default\"><div class=\"wpb_column vc_column_container\"><div class=\"vc_column-inner\"><h2 class=\"w-text us_custom_40bbeac0 us_animate_this\"><span class=\"w-text-h\"><span class=\"w-text-value\">Learn about our different aspects.<\/span><\/span><\/h2><div class=\"g-cols wpb_row via_grid cols_3 laptops-cols_inherit tablets-cols_inherit mobiles-cols_1 valign_top type_default stacking_default\" style=\"--columns-gap:3rem;\"><div class=\"wpb_column vc_column_container us_custom_938515a4 us_animate_this has_bg_color\"><div class=\"vc_column-inner\"><div class=\"w-iconbox iconpos_top style_default color_secondary align_center no_title\"><div class=\"w-iconbox-icon\" style=\"font-size:2rem;\"><i class=\"fas fa-layer-group\"><\/i><\/div><div class=\"w-iconbox-meta\"><div class=\"w-iconbox-text\"><p class=\"p1\"><strong>A Perspective That Values Professional Solidarity<\/strong><\/p>\n<\/div><\/div><\/div><\/div><\/div><div class=\"wpb_column vc_column_container us_custom_938515a4 us_animate_this has_bg_color\"><div class=\"vc_column-inner\"><div class=\"w-iconbox iconpos_top style_default color_secondary align_center no_title\"><div class=\"w-iconbox-icon\" style=\"font-size:2rem;\"><i class=\"fas fa-head-side-brain\"><\/i><\/div><div class=\"w-iconbox-meta\"><div class=\"w-iconbox-text\"><p><strong>Scientifically Based,<br \/>\nPractice-Oriented<\/strong><\/p>\n<\/div><\/div><\/div><\/div><\/div><div class=\"wpb_column vc_column_container us_custom_938515a4 us_animate_this has_bg_color\"><div class=\"vc_column-inner\"><div class=\"w-iconbox iconpos_top style_default color_secondary align_center no_title\"><div class=\"w-iconbox-icon\" style=\"font-size:2rem;\"><i class=\"fas fa-users-crown\"><\/i><\/div><div class=\"w-iconbox-meta\"><div class=\"w-iconbox-text\"><p><strong>Academic Understanding That Adds Value to Society<br \/>\n<\/strong><\/p>\n<\/div><\/div><\/div><\/div><\/div><\/div><div class=\"g-cols wpb_row via_grid cols_1 laptops-cols_inherit tablets-cols_inherit mobiles-cols_1 valign_top type_default stacking_default\" style=\"--columns-gap:3rem;\"><div class=\"wpb_column vc_column_container us_custom_a9612d54\"><div class=\"vc_column-inner\"><div class=\"wpb_text_column us_custom_60e9caca us_animate_this\"><div class=\"wpb_wrapper\"><p class=\"p1\" style=\"text-align: center;\">As <strong>Psikososyal Akademi<\/strong>, we offer depth to experts, guidance to families, and practical support to the field with our multi-layered education approach. With our scientifically based content, we transform theory into applicable knowledge in the field, contributing to social transformation through individual development. Take your place in this journey, and start learning, applying, and making a difference now.<\/p>\n<\/div><\/div><\/div><\/div><\/div><\/div><\/div><\/div><\/div><\/section><section class=\"l-section wpb_row us_custom_dcc76fa7 height_medium with_shape\"><div class=\"l-section-shape type_tilt pos_top hor_flip\" style=\"height:15vmin;color:var(--color-header-transparent-text)\"><svg xmlns=\"http:\/\/www.w3.org\/2000\/svg\" viewBox=\"0 0 64 8\" preserveAspectRatio=\"none\" width=\"100%\" height=\"100%\">\r\n\t<path fill=\"currentColor\" d=\"M64 7.9 L64 10 L0 10 L0 0 Z\"\/>\r\n<\/svg><\/div><div class=\"l-section-h i-cf\"><div class=\"g-cols vc_row via_grid cols_1 laptops-cols_inherit tablets-cols_inherit mobiles-cols_1 valign_top type_default stacking_default\"><div class=\"wpb_column vc_column_container\"><div class=\"vc_column-inner\"><h2 class=\"w-text us_custom_dccdfd0b\"><span class=\"w-text-h\"><span class=\"w-text-value\">Discover our services.<\/span><\/span><\/h2><div class=\"g-cols wpb_row us_custom_916d5e53 via_grid cols_3 laptops-cols_inherit tablets-cols_inherit mobiles-cols_1 valign_top type_default stacking_default\" style=\"--columns-gap:3rem;\"><div class=\"wpb_column vc_column_container us_custom_90fb91c4 us_animate_this\"><div class=\"vc_column-inner\"><div class=\"w-iconbox us_custom_60e9caca us_animate_this iconpos_top style_default color_secondary align_center\"><div class=\"w-iconbox-icon\" style=\"font-size:2rem;\"><i class=\"fas fa-university\"><\/i><\/div><div class=\"w-iconbox-meta\"><h4 class=\"w-iconbox-title\" style=\"font-size:1.2rem;\">Individual Trainings<\/h4><div class=\"w-iconbox-text\"><p class=\"p1\">Applied training at basic and advanced levels for professionals who want to increase the quality of psychological and social support service provision.<\/p>\n<\/div><\/div><\/div><\/div><\/div><div class=\"wpb_column vc_column_container us_custom_ee4feeb0 us_animate_this\"><div class=\"vc_column-inner\"><div class=\"w-iconbox us_custom_67cc95df us_animate_this iconpos_top style_default color_secondary align_center\"><div class=\"w-iconbox-icon\" style=\"font-size:2rem;\"><i class=\"fas fa-users-class\"><\/i><\/div><div class=\"w-iconbox-meta\"><h4 class=\"w-iconbox-title\" style=\"font-size:1.2rem;\">Trainings for the Public<\/h4><div class=\"w-iconbox-text\"><p class=\"p1\">Awareness-raising, informative programs for families, teachers, university students, and various groups.<\/p>\n<\/div><\/div><\/div><\/div><\/div><div class=\"wpb_column vc_column_container us_custom_119dde5c us_animate_this\"><div class=\"vc_column-inner\"><div class=\"w-iconbox us_custom_67cc95df us_animate_this iconpos_top style_default color_secondary align_center\"><div class=\"w-iconbox-icon\" style=\"font-size:2rem;\"><i class=\"fas fa-graduation-cap\"><\/i><\/div><div class=\"w-iconbox-meta\"><h4 class=\"w-iconbox-title\" style=\"font-size:1.2rem;\">Institutional Services<\/h4><div class=\"w-iconbox-text\"><p class=\"p1\">Capacity-building programs for institutions that want to offer new services or increase the efficiency of their existing services.<\/p>\n<\/div><\/div><\/div><\/div><\/div><\/div><\/div><\/div><\/div><\/div><\/section><section class=\"l-section wpb_row us_custom_745fa29c has_text_color height_large\"><div class=\"l-section-h i-cf\"><div class=\"g-cols vc_row via_grid cols_1 laptops-cols_inherit tablets-cols_inherit mobiles-cols_1 valign_top type_default stacking_default\"><div class=\"wpb_column vc_column_container\"><div class=\"vc_column-inner\"><h5 class=\"w-text us_custom_f7b60570 us_animate_this\"><span class=\"w-text-h\"><span class=\"w-text-value\">We offer depth to experts, guidance to the field, and inspiration to educators.<\/span><\/span><\/h5><\/div><\/div><\/div><\/div><\/section><section class=\"l-section wpb_row hide_on_default hide_on_laptops hide_on_tablets hide_on_mobiles height_medium\"><div class=\"l-section-h i-cf\"><div class=\"g-cols vc_row via_grid cols_1 laptops-cols_inherit tablets-cols_inherit mobiles-cols_1 valign_top type_default stacking_default\"><div class=\"wpb_column vc_column_container\"><div class=\"vc_column-inner\"><h3 class=\"w-text us_custom_f7b60570 us_animate_this\"><span class=\"w-text-h\"><span class=\"w-text-value\">Our Trainings<\/span><\/span><\/h3><div class=\"g-cols wpb_row us_custom_815c1c57 via_grid cols_3 laptops-cols_inherit tablets-cols_inherit mobiles-cols_1 valign_top type_default stacking_default\" style=\"--columns-gap:3rem;\"><div class=\"wpb_column vc_column_container\"><div class=\"vc_column-inner\"><div class=\"w-image us_custom_2bb4e76d us_animate_this align_none\"><div class=\"w-image-h\"><img decoding=\"async\" width=\"1024\" height=\"576\" src=\"https:\/\/www.psikososyalakademi.com\/wp-content\/uploads\/2025\/06\/home_header_left-1024x576.jpg\" class=\"attachment-large size-large\" alt=\"Anasayfa \u00dcst K\u0131s\u0131m\" loading=\"lazy\" srcset=\"https:\/\/www.psikososyalakademi.com\/wp-content\/uploads\/2025\/06\/home_header_left-1024x576.jpg 1024w, https:\/\/www.psikososyalakademi.com\/wp-content\/uploads\/2025\/06\/home_header_left-300x169.jpg 300w, https:\/\/www.psikososyalakademi.com\/wp-content\/uploads\/2025\/06\/home_header_left-600x338.jpg 600w, https:\/\/www.psikososyalakademi.com\/wp-content\/uploads\/2025\/06\/home_header_left.jpg 1920w\" sizes=\"auto, (max-width: 1024px) 100vw, 1024px\" \/><\/div><\/div><h6 class=\"w-text us_custom_7315d97f us_animate_this\"><span class=\"w-text-h\"><span class=\"w-text-value\">Initial Interview Skills<\/span><\/span><\/h6><div class=\"w-btn-wrapper align_center\"><a class=\"w-btn us-btn-style_2 us_custom_2bb4e76d us_animate_this\" href=\"#\"><span class=\"w-btn-label\">Examine the training<\/span><\/a><\/div><\/div><\/div><div class=\"wpb_column vc_column_container\"><div class=\"vc_column-inner\"><div class=\"w-image us_custom_2bb4e76d us_animate_this align_none\"><div class=\"w-image-h\"><img decoding=\"async\" width=\"1024\" height=\"576\" src=\"https:\/\/www.psikososyalakademi.com\/wp-content\/uploads\/2025\/06\/home_header_left-1024x576.jpg\" class=\"attachment-large size-large\" alt=\"Anasayfa \u00dcst K\u0131s\u0131m\" loading=\"lazy\" srcset=\"https:\/\/www.psikososyalakademi.com\/wp-content\/uploads\/2025\/06\/home_header_left-1024x576.jpg 1024w, https:\/\/www.psikososyalakademi.com\/wp-content\/uploads\/2025\/06\/home_header_left-300x169.jpg 300w, https:\/\/www.psikososyalakademi.com\/wp-content\/uploads\/2025\/06\/home_header_left-600x338.jpg 600w, https:\/\/www.psikososyalakademi.com\/wp-content\/uploads\/2025\/06\/home_header_left.jpg 1920w\" sizes=\"auto, (max-width: 1024px) 100vw, 1024px\" \/><\/div><\/div><h6 class=\"w-text us_custom_7315d97f us_animate_this\"><span class=\"w-text-h\"><span class=\"w-text-value\">Mindfulness Techniques<\/span><\/span><\/h6><div class=\"w-btn-wrapper align_center\"><a class=\"w-btn us-btn-style_2 us_custom_2bb4e76d us_animate_this\" href=\"#\"><span class=\"w-btn-label\">Examine the training<\/span><\/a><\/div><\/div><\/div><div class=\"wpb_column vc_column_container\"><div class=\"vc_column-inner\"><div class=\"w-image us_custom_2bb4e76d us_animate_this align_none\"><div class=\"w-image-h\"><img decoding=\"async\" width=\"1024\" height=\"576\" src=\"https:\/\/www.psikososyalakademi.com\/wp-content\/uploads\/2025\/06\/home_header_left-1024x576.jpg\" class=\"attachment-large size-large\" alt=\"Anasayfa \u00dcst K\u0131s\u0131m\" loading=\"lazy\" srcset=\"https:\/\/www.psikososyalakademi.com\/wp-content\/uploads\/2025\/06\/home_header_left-1024x576.jpg 1024w, https:\/\/www.psikososyalakademi.com\/wp-content\/uploads\/2025\/06\/home_header_left-300x169.jpg 300w, https:\/\/www.psikososyalakademi.com\/wp-content\/uploads\/2025\/06\/home_header_left-600x338.jpg 600w, https:\/\/www.psikososyalakademi.com\/wp-content\/uploads\/2025\/06\/home_header_left.jpg 1920w\" sizes=\"auto, (max-width: 1024px) 100vw, 1024px\" \/><\/div><\/div><h6 class=\"w-text us_custom_7315d97f us_animate_this\"><span class=\"w-text-h\"><span class=\"w-text-value\">Use of Metaphor in Therapy<\/span><\/span><\/h6><div class=\"w-btn-wrapper align_center\"><a class=\"w-btn us-btn-style_2 us_custom_2bb4e76d us_animate_this\" href=\"#\"><span class=\"w-btn-label\">Examine the training<\/span><\/a><\/div><\/div><\/div><\/div><\/div><\/div><\/div><\/div><\/section>\n","protected":false},"excerpt":{"rendered":"Mental Health-Based Education and Consulting Services for Individuals, Institutions, and SocietyPsikososyal Akademi is an education and consulting platform that aims to improve the capacity of individuals and institutions, as well as professionals working in the field of mental health, by offering dynamic and applicable content based on scientific foundations and following current approaches.Learn about our...","protected":false},"author":1,"featured_media":0,"parent":0,"menu_order":0,"comment_status":"closed","ping_status":"closed","template":"","meta":{"_acf_changed":false,"footnotes":""},"class_list":["post-118","page","type-page","status-publish","hentry"],"acf":[],"_links":{"self":[{"href":"https:\/\/www.psikososyalakademi.com\/en\/wp-json\/wp\/v2\/pages\/118","targetHints":{"allow":["GET"]}}],"collection":[{"href":"https:\/\/www.psikososyalakademi.com\/en\/wp-json\/wp\/v2\/pages"}],"about":[{"href":"https:\/\/www.psikososyalakademi.com\/en\/wp-json\/wp\/v2\/types\/page"}],"author":[{"embeddable":true,"href":"https:\/\/www.psikososyalakademi.com\/en\/wp-json\/wp\/v2\/users\/1"}],"replies":[{"embeddable":true,"href":"https:\/\/www.psikososyalakademi.com\/en\/wp-json\/wp\/v2\/comments?post=118"}],"version-history":[{"count":2,"href":"https:\/\/www.psikososyalakademi.com\/en\/wp-json\/wp\/v2\/pages\/118\/revisions"}],"predecessor-version":[{"id":121,"href":"https:\/\/www.psikososyalakademi.com\/en\/wp-json\/wp\/v2\/pages\/118\/revisions\/121"}],"wp:attachment":[{"href":"https:\/\/www.psikososyalakademi.com\/en\/wp-json\/wp\/v2\/media?parent=118"}],"curies":[{"name":"wp","href":"https:\/\/api.w.org\/{rel}","templated":true}]}}